{"id":5442,"date":"2024-05-14T14:02:15","date_gmt":"2024-05-14T14:02:15","guid":{"rendered":"https:\/\/www.marcheandes.com\/travaillez-avec-nous\/"},"modified":"2025-04-09T17:24:05","modified_gmt":"2025-04-09T17:24:05","slug":"travaillez-avec-nous","status":"publish","type":"page","link":"https:\/\/www.marcheandes.com\/es\/travaillez-avec-nous\/","title":{"rendered":"Trabaja con nosotros"},"content":{"rendered":"\t\t<div data-elementor-type=\"wp-page\" data-elementor-id=\"5442\" class=\"elementor elementor-5442 elementor-3886\" data-elementor-post-type=\"page\">\n\t\t\t\t<div class=\"elementor-element elementor-element-b63f2c5 e-flex e-con-boxed e-con e-parent\" data-id=\"b63f2c5\" data-element_type=\"container\">\n\t\t\t\t\t<div class=\"e-con-inner\">\n\t\t<div class=\"elementor-element elementor-element-9bed799 e-con-full e-flex e-con e-child\" data-id=\"9bed799\" data-element_type=\"container\">\n\t\t\t\t<div class=\"elementor-element elementor-element-98c3c93 elementor-widget elementor-widget-image\" data-id=\"98c3c93\" data-element_type=\"widget\" data-widget_type=\"image.default\">\n\t\t\t\t<div class=\"elementor-widget-container\">\n\t\t\t\t\t\t\t\t\t\t\t\t\t\t\t<img fetchpriority=\"high\" decoding=\"async\" width=\"1024\" height=\"594\" src=\"https:\/\/www.marcheandes.com\/wp-content\/uploads\/2024\/05\/travaukkez-avec-nous-img--1024x594.webp\" class=\"attachment-large size-large wp-image-5037\" alt=\"\" srcset=\"https:\/\/www.marcheandes.com\/wp-content\/uploads\/2024\/05\/travaukkez-avec-nous-img--1024x594.webp 1024w, https:\/\/www.marcheandes.com\/wp-content\/uploads\/2024\/05\/travaukkez-avec-nous-img--300x174.webp 300w, https:\/\/www.marcheandes.com\/wp-content\/uploads\/2024\/05\/travaukkez-avec-nous-img--768x445.webp 768w, https:\/\/www.marcheandes.com\/wp-content\/uploads\/2024\/05\/travaukkez-avec-nous-img--600x348.webp 600w, https:\/\/www.marcheandes.com\/wp-content\/uploads\/2024\/05\/travaukkez-avec-nous-img-.webp 1050w\" sizes=\"(max-width: 1024px) 100vw, 1024px\" \/>\t\t\t\t\t\t\t\t\t\t\t\t\t\t\t<\/div>\n\t\t\t\t<\/div>\n\t\t\t\t<\/div>\n\t\t<div class=\"elementor-element elementor-element-88800fc e-con-full e-flex e-con e-child\" data-id=\"88800fc\" data-element_type=\"container\">\n\t\t\t\t<div class=\"elementor-element elementor-element-33351ff elementor-widget elementor-widget-heading\" data-id=\"33351ff\" data-element_type=\"widget\" data-widget_type=\"heading.default\">\n\t\t\t\t<div class=\"elementor-widget-container\">\n\t\t\t\t\t<h1 class=\"elementor-heading-title elementor-size-default\">\u00a1Hola!<\/h1>\t\t\t\t<\/div>\n\t\t\t\t<\/div>\n\t\t\t\t<div class=\"elementor-element elementor-element-a484ee5 elementor-widget elementor-widget-text-editor\" data-id=\"a484ee5\" data-element_type=\"widget\" data-widget_type=\"text-editor.default\">\n\t\t\t\t<div class=\"elementor-widget-container\">\n\t\t\t\t\t\t\t\t\t\u00a1Qu\u00e9 alegr\u00eda saber que est\u00e1 considerando formar parte de nuestro equipo!\t\t\t\t\t\t\t\t<\/div>\n\t\t\t\t<\/div>\n\t\t\t\t<div class=\"elementor-element elementor-element-1fda555 elementor-widget elementor-widget-text-editor\" data-id=\"1fda555\" data-element_type=\"widget\" data-widget_type=\"text-editor.default\">\n\t\t\t\t<div class=\"elementor-widget-container\">\n\t\t\t\t\t\t\t\t\tTenga la seguridad de que examinaremos cuidadosamente su perfil si coincide con nuestros criterios y los requisitos para el puesto.\u2028Gracias nuevamente por su inter\u00e9s en Marche Andes.\t\t\t\t\t\t\t\t<\/div>\n\t\t\t\t<\/div>\n\t\t\t\t<div class=\"elementor-element elementor-element-567f414 frm-cont elementor-widget elementor-widget-shortcode\" data-id=\"567f414\" data-element_type=\"widget\" data-widget_type=\"shortcode.default\">\n\t\t\t\t<div class=\"elementor-widget-container\">\n\t\t\t\t\t\t\t<div class=\"elementor-shortcode\">\n<div class=\"wpcf7 no-js\" id=\"wpcf7-f5438-o1\" lang=\"es-ES\" dir=\"ltr\" data-wpcf7-id=\"5438\">\n<div class=\"screen-reader-response\"><p role=\"status\" aria-live=\"polite\" aria-atomic=\"true\"><\/p> <ul><\/ul><\/div>\n<form action=\"\/es\/wp-json\/wp\/v2\/pages\/5442#wpcf7-f5438-o1\" method=\"post\" class=\"wpcf7-form init\" aria-label=\"Formulario de contacto\" enctype=\"multipart\/form-data\" novalidate=\"novalidate\" data-status=\"init\">\n<fieldset class=\"hidden-fields-container\"><input type=\"hidden\" name=\"_wpcf7\" value=\"5438\" \/><input type=\"hidden\" name=\"_wpcf7_version\" value=\"6.1.5\" \/><input type=\"hidden\" name=\"_wpcf7_locale\" value=\"es_ES\" \/><input type=\"hidden\" name=\"_wpcf7_unit_tag\" value=\"wpcf7-f5438-o1\" \/><input type=\"hidden\" name=\"_wpcf7_container_post\" value=\"0\" \/><input type=\"hidden\" name=\"_wpcf7_posted_data_hash\" value=\"\" \/>\n<\/fieldset>\n<div class=\"container-form\">\n<label>Nombre y apellido (requerido)<span class=\"wpcf7-form-control-wrap\" data-name=\"your-name\"><input size=\"40\" maxlength=\"400\" class=\"wpcf7-form-control wpcf7-text wpcf7-validates-as-required input-frm\" aria-required=\"true\" aria-invalid=\"false\" value=\"\" type=\"text\" name=\"your-name\" \/><\/span><\/label>\n<label>Tel\u00e9fono (requerido) <span class=\"wpcf7-form-control-wrap\" data-name=\"your-tel\"><input size=\"40\" maxlength=\"400\" class=\"wpcf7-form-control wpcf7-tel wpcf7-validates-as-required wpcf7-text wpcf7-validates-as-tel input-frm\" aria-required=\"true\" aria-invalid=\"false\" value=\"\" type=\"tel\" name=\"your-tel\" \/><\/span><\/label>\n<label>Adjunta tu CV <span class=\"wpcf7-form-control-wrap\" data-name=\"cv-file\"><input size=\"40\" class=\"wpcf7-form-control wpcf7-file wpcf7-validates-as-required input-cv\" accept=\".pdf,.doc,.docx\" aria-required=\"true\" aria-invalid=\"false\" type=\"file\" name=\"cv-file\" \/><\/span><\/label>\n<div class=\"txt-inf-form\">\n<label>Mensaje<\/label>\n<p class=\"inf-msg\">( M\u00e1ximo 150 caracteres )  <\/p>\n<p class=\"inf-msg\">Incluya en el mensaje su disponibilidad y los idiomas hablados y escritos.<\/p>\n<p class=\"inf-msg\">Es necesario tener un permiso de trabajo vigente.<\/p>\n<\/div>\n<span class=\"wpcf7-form-control-wrap\" data-name=\"your-message\"><textarea cols=\"40\" rows=\"10\" maxlength=\"2000\" class=\"wpcf7-form-control wpcf7-textarea input-msg\" aria-invalid=\"false\" name=\"your-message\"><\/textarea><\/span>\n<div class=\"cont-accept\">\n<span class=\"wpcf7-form-control-wrap\" data-name=\"acceptance\"><span class=\"wpcf7-form-control wpcf7-acceptance\"><span class=\"wpcf7-list-item\"><input type=\"checkbox\" name=\"acceptance\" value=\"1\" class=\"accept-check\" aria-invalid=\"false\" \/><\/span><\/span><\/span><p class=\"txt-accept\">Acepto los t\u00e9rminos y condiciones del sitio<\/p>\n<\/div>\n<div class=\"cont-btn\">\n<input class=\"wpcf7-form-control wpcf7-submit has-spinner btn-frm\" type=\"submit\" value=\"Enviar\" \/>\n<\/div>\n<\/div><div class=\"wpcf7-response-output\" aria-hidden=\"true\"><\/div>\n<\/form>\n<\/div>\n<\/div>\n\t\t\t\t\t\t<\/div>\n\t\t\t\t<\/div>\n\t\t\t\t<\/div>\n\t\t\t\t\t<\/div>\n\t\t\t\t<\/div>\n\t\t\t\t<\/div>\n\t\t","protected":false},"excerpt":{"rendered":"<p>\u00a1Hola! \u00a1Qu\u00e9 alegr\u00eda saber que est\u00e1 considerando formar parte de nuestro equipo!Tenga la seguridad de que examinaremos cuidadosamente su perfil [&hellip;]<\/p>\n","protected":false},"author":1,"featured_media":0,"parent":0,"menu_order":0,"comment_status":"closed","ping_status":"closed","template":"","meta":{"_acf_changed":false,"site-sidebar-layout":"no-sidebar","site-content-layout":"","ast-site-content-layout":"full-width-container","site-content-style":"default","site-sidebar-style":"default","ast-global-header-display":"","ast-banner-title-visibility":"","ast-main-header-display":"","ast-hfb-above-header-display":"","ast-hfb-below-header-display":"","ast-hfb-mobile-header-display":"","site-post-title":"disabled","ast-breadcrumbs-content":"","ast-featured-img":"disabled","footer-sml-layout":"","theme-transparent-header-meta":"default","adv-header-id-meta":"","stick-header-meta":"","header-above-stick-meta":"","header-main-stick-meta":"","header-below-stick-meta":"","astra-migrate-meta-layouts":"set","ast-page-background-enabled":"default","ast-page-background-meta":{"desktop":{"background-color":"var(--ast-global-color-4)","background-image":"","background-repeat":"repeat","background-position":"center center","background-size":"auto","background-attachment":"scroll","background-type":"","background-media":"","overlay-type":"","overlay-color":"","overlay-opacity":"","overlay-gradient":""},"tablet":{"background-color":"","background-image":"","background-repeat":"repeat","background-position":"center center","background-size":"auto","background-attachment":"scroll","background-type":"","background-media":"","overlay-type":"","overlay-color":"","overlay-opacity":"","overlay-gradient":""},"mobile":{"background-color":"","background-image":"","background-repeat":"repeat","background-position":"center center","background-size":"auto","background-attachment":"scroll","background-type":"","background-media":"","overlay-type":"","overlay-color":"","overlay-opacity":"","overlay-gradient":""}},"ast-content-background-meta":{"desktop":{"background-color":"var(--ast-global-color-5)","background-image":"","background-repeat":"repeat","background-position":"center center","background-size":"auto","background-attachment":"scroll","background-type":"","background-media":"","overlay-type":"","overlay-color":"","overlay-opacity":"","overlay-gradient":""},"tablet":{"background-color":"var(--ast-global-color-5)","background-image":"","background-repeat":"repeat","background-position":"center center","background-size":"auto","background-attachment":"scroll","background-type":"","background-media":"","overlay-type":"","overlay-color":"","overlay-opacity":"","overlay-gradient":""},"mobile":{"background-color":"var(--ast-global-color-5)","background-image":"","background-repeat":"repeat","background-position":"center center","background-size":"auto","background-attachment":"scroll","background-type":"","background-media":"","overlay-type":"","overlay-color":"","overlay-opacity":"","overlay-gradient":""}},"_joinchat":[],"footnotes":""},"class_list":["post-5442","page","type-page","status-publish","hentry"],"acf":[],"_links":{"self":[{"href":"https:\/\/www.marcheandes.com\/es\/wp-json\/wp\/v2\/pages\/5442","targetHints":{"allow":["GET"]}}],"collection":[{"href":"https:\/\/www.marcheandes.com\/es\/wp-json\/wp\/v2\/pages"}],"about":[{"href":"https:\/\/www.marcheandes.com\/es\/wp-json\/wp\/v2\/types\/page"}],"author":[{"embeddable":true,"href":"https:\/\/www.marcheandes.com\/es\/wp-json\/wp\/v2\/users\/1"}],"replies":[{"embeddable":true,"href":"https:\/\/www.marcheandes.com\/es\/wp-json\/wp\/v2\/comments?post=5442"}],"version-history":[{"count":5,"href":"https:\/\/www.marcheandes.com\/es\/wp-json\/wp\/v2\/pages\/5442\/revisions"}],"predecessor-version":[{"id":5450,"href":"https:\/\/www.marcheandes.com\/es\/wp-json\/wp\/v2\/pages\/5442\/revisions\/5450"}],"wp:attachment":[{"href":"https:\/\/www.marcheandes.com\/es\/wp-json\/wp\/v2\/media?parent=5442"}],"curies":[{"name":"wp","href":"https:\/\/api.w.org\/{rel}","templated":true}]}}