{"id":5465,"date":"2024-03-27T16:20:14","date_gmt":"2024-03-27T16:20:14","guid":{"rendered":"https:\/\/www.marcheandes.com\/qui-sommes-nous\/"},"modified":"2025-09-10T20:11:44","modified_gmt":"2025-09-10T20:11:44","slug":"quienes-somos","status":"publish","type":"page","link":"https:\/\/www.marcheandes.com\/es\/quienes-somos\/","title":{"rendered":"Qui\u00e9nes somos"},"content":{"rendered":"\t\t<div data-elementor-type=\"wp-page\" data-elementor-id=\"5465\" class=\"elementor elementor-5465 elementor-21\" data-elementor-post-type=\"page\">\n\t\t\t\t<div class=\"elementor-element elementor-element-0a65bf5 e-flex e-con-boxed e-con e-parent\" data-id=\"0a65bf5\" data-element_type=\"container\" data-settings=\"{&quot;background_background&quot;:&quot;classic&quot;}\">\n\t\t\t\t\t<div class=\"e-con-inner\">\n\t\t\t\t\t<\/div>\n\t\t\t\t<\/div>\n\t\t<div class=\"elementor-element elementor-element-adaf0f9 e-flex e-con-boxed e-con e-parent\" data-id=\"adaf0f9\" data-element_type=\"container\">\n\t\t\t\t\t<div class=\"e-con-inner\">\n\t\t<div class=\"elementor-element elementor-element-d3b8e77 e-flex e-con-boxed e-con e-child\" data-id=\"d3b8e77\" data-element_type=\"container\">\n\t\t\t\t\t<div class=\"e-con-inner\">\n\t\t\t\t<div class=\"elementor-element elementor-element-48b581b elementor-widget elementor-widget-image\" data-id=\"48b581b\" data-element_type=\"widget\" data-widget_type=\"image.default\">\n\t\t\t\t<div class=\"elementor-widget-container\">\n\t\t\t\t\t\t\t\t\t\t\t\t\t\t\t<img fetchpriority=\"high\" decoding=\"async\" width=\"1094\" height=\"449\" src=\"https:\/\/www.marcheandes.com\/wp-content\/uploads\/2024\/04\/quisommes-img-group.webp\" class=\"attachment-full size-full wp-image-4851\" alt=\"\" srcset=\"https:\/\/www.marcheandes.com\/wp-content\/uploads\/2024\/04\/quisommes-img-group.webp 1094w, https:\/\/www.marcheandes.com\/wp-content\/uploads\/2024\/04\/quisommes-img-group-300x123.webp 300w, https:\/\/www.marcheandes.com\/wp-content\/uploads\/2024\/04\/quisommes-img-group-1024x420.webp 1024w, https:\/\/www.marcheandes.com\/wp-content\/uploads\/2024\/04\/quisommes-img-group-768x315.webp 768w, https:\/\/www.marcheandes.com\/wp-content\/uploads\/2024\/04\/quisommes-img-group-600x246.webp 600w\" sizes=\"(max-width: 1094px) 100vw, 1094px\" \/>\t\t\t\t\t\t\t\t\t\t\t\t\t\t\t<\/div>\n\t\t\t\t<\/div>\n\t\t\t\t<div class=\"elementor-element elementor-element-609003f elementor-widget elementor-widget-image\" data-id=\"609003f\" data-element_type=\"widget\" data-widget_type=\"image.default\">\n\t\t\t\t<div class=\"elementor-widget-container\">\n\t\t\t\t\t\t\t\t\t\t\t\t\t\t\t<img decoding=\"async\" width=\"1429\" height=\"2000\" src=\"https:\/\/www.marcheandes.com\/wp-content\/uploads\/2025\/07\/Untitled-design-1.jpg\" class=\"attachment-full size-full wp-image-8303\" alt=\"\" srcset=\"https:\/\/www.marcheandes.com\/wp-content\/uploads\/2025\/07\/Untitled-design-1.jpg 1429w, https:\/\/www.marcheandes.com\/wp-content\/uploads\/2025\/07\/Untitled-design-1-214x300.jpg 214w, https:\/\/www.marcheandes.com\/wp-content\/uploads\/2025\/07\/Untitled-design-1-732x1024.jpg 732w, https:\/\/www.marcheandes.com\/wp-content\/uploads\/2025\/07\/Untitled-design-1-768x1075.jpg 768w, https:\/\/www.marcheandes.com\/wp-content\/uploads\/2025\/07\/Untitled-design-1-1097x1536.jpg 1097w, https:\/\/www.marcheandes.com\/wp-content\/uploads\/2025\/07\/Untitled-design-1-600x840.jpg 600w\" sizes=\"(max-width: 1429px) 100vw, 1429px\" \/>\t\t\t\t\t\t\t\t\t\t\t\t\t\t\t<\/div>\n\t\t\t\t<\/div>\n\t\t\t\t<div class=\"elementor-element elementor-element-28a0f8c elementor-widget elementor-widget-image\" data-id=\"28a0f8c\" data-element_type=\"widget\" data-widget_type=\"image.default\">\n\t\t\t\t<div class=\"elementor-widget-container\">\n\t\t\t\t\t\t\t\t\t\t\t\t\t\t\t<img decoding=\"async\" width=\"2160\" height=\"2560\" src=\"https:\/\/www.marcheandes.com\/wp-content\/uploads\/2025\/08\/IMG_8131-1-scaled.jpg\" class=\"attachment-full size-full wp-image-8512\" alt=\"\" srcset=\"https:\/\/www.marcheandes.com\/wp-content\/uploads\/2025\/08\/IMG_8131-1-scaled.jpg 2160w, https:\/\/www.marcheandes.com\/wp-content\/uploads\/2025\/08\/IMG_8131-1-253x300.jpg 253w, https:\/\/www.marcheandes.com\/wp-content\/uploads\/2025\/08\/IMG_8131-1-864x1024.jpg 864w, https:\/\/www.marcheandes.com\/wp-content\/uploads\/2025\/08\/IMG_8131-1-768x910.jpg 768w, https:\/\/www.marcheandes.com\/wp-content\/uploads\/2025\/08\/IMG_8131-1-1296x1536.jpg 1296w, https:\/\/www.marcheandes.com\/wp-content\/uploads\/2025\/08\/IMG_8131-1-1728x2048.jpg 1728w, https:\/\/www.marcheandes.com\/wp-content\/uploads\/2025\/08\/IMG_8131-1-600x711.jpg 600w\" sizes=\"(max-width: 2160px) 100vw, 2160px\" \/>\t\t\t\t\t\t\t\t\t\t\t\t\t\t\t<\/div>\n\t\t\t\t<\/div>\n\t\t\t\t\t<\/div>\n\t\t\t\t<\/div>\n\t\t<div class=\"elementor-element elementor-element-071cdfa e-flex e-con-boxed e-con e-child\" data-id=\"071cdfa\" data-element_type=\"container\">\n\t\t\t\t\t<div class=\"e-con-inner\">\n\t\t\t\t<div class=\"elementor-element elementor-element-8377d3d elementor-widget elementor-widget-heading\" data-id=\"8377d3d\" data-element_type=\"widget\" data-widget_type=\"heading.default\">\n\t\t\t\t<div class=\"elementor-widget-container\">\n\t\t\t\t\t<h1 class=\"elementor-heading-title elementor-size-default\">MARCH\u00c9 ANDES<\/h1>\t\t\t\t<\/div>\n\t\t\t\t<\/div>\n\t\t\t\t<div class=\"elementor-element elementor-element-10ed3b6 elementor-widget elementor-widget-heading\" data-id=\"10ed3b6\" data-element_type=\"widget\" data-widget_type=\"heading.default\">\n\t\t\t\t<div class=\"elementor-widget-container\">\n\t\t\t\t\t<h2 class=\"elementor-heading-title elementor-size-default\">Un puente entre los sabores<\/h2>\t\t\t\t<\/div>\n\t\t\t\t<\/div>\n\t\t\t\t<div class=\"elementor-element elementor-element-ceffbb8 elementor-widget elementor-widget-text-editor\" data-id=\"ceffbb8\" data-element_type=\"widget\" data-widget_type=\"text-editor.default\">\n\t\t\t\t<div class=\"elementor-widget-container\">\n\t\t\t\t\t\t\t\t\t<p>Todo comienza en <strong>1971<\/strong>, cuando <strong>H\u00e9ctor Aguilar<\/strong> deja Colombia, impulsado por su pasi\u00f3n por los viajes y el sue\u00f1o de ofrecer un mundo por descubrir en Montreal. Es esta pasi\u00f3n la que lo lleva a abrir su primera<strong> agencia de viajes<\/strong>, con el fin de conectar a las personas con sus ra\u00edces, sus familias y nuevas aventuras. <\/p><p>A medida que la comunidad latina crece, H\u00e9ctor nota una falta de productos culturales accesibles. Entonces abre una <strong>peque\u00f1a tienda de videos llamada \u201cVideo Latino\u201d<\/strong>, donde ofrece pel\u00edculas latinoamericanas y m\u00fasica, convirti\u00e9ndose en un pionero en la difusi\u00f3n de la cultura hispanohablante en Montreal.<br> <br> <br> <\/p><p>Poco a poco, se van incorporando<strong> productos alimenticios latinoamericanos<\/strong>, transformando este lugar en una verdadera tienda de abarrotes multicultural: nace <strong>March\u00e9 Andes<\/strong>.<\/p><p>En <strong>1996<\/strong>, el alcalde Pierre Bourque bautiza oficialmente la calle como el <strong>primer barrio latinoamericano de Montreal <\/strong>y entrega una placa conmemorativa a la familia Aguilar, un reconocimiento hist\u00f3rico a su contribuci\u00f3n a la vida cultural de la ciudad.<\/p><p>En<strong> 2002<\/strong>, la familia decide continuar su vocaci\u00f3n en el <strong>\u00e1mbito de los viajes<\/strong>, vendiendo su tienda a otra familia colombiana, que mantiene con respeto el esp\u00edritu del negocio.<\/p><p>En <strong>2018<\/strong>, es un momento emotivo:<strong> la familia Aguilar regresa <\/strong>y reabre con orgullo la tienda bajo su nombre original, <em>March\u00e9 Andes<\/em>, reconectando con la maravillosa comunidad latinoamericana y quebequense.<br><\/p><p>Desde la agencia de viajes hasta el Mercado, <strong>toda la familia Aguilar<\/strong> ha puesto manos a la obra. Hoy, <strong>la hija de H\u00e9ctor y su pareja<\/strong> toman la antorcha con el coraz\u00f3n, asegurando la <strong>continuidad de un legado construido con trabajo, amor y pasi\u00f3n por su cultura.<\/strong> <\/p><p><em>March\u00e9 Andes<\/em> es m\u00e1s que un comercio: es la historia de una familia, de un sue\u00f1o hecho realidad, impulsado por el deseo de hacer vibrar los sabores latinos en los hogares quebequenses. Y esta historia contin\u00faa\u2026 <\/p>\t\t\t\t\t\t\t\t<\/div>\n\t\t\t\t<\/div>\n\t\t\t\t<div class=\"elementor-element elementor-element-b01458f elementor-widget elementor-widget-heading\" data-id=\"b01458f\" data-element_type=\"widget\" data-widget_type=\"heading.default\">\n\t\t\t\t<div class=\"elementor-widget-container\">\n\t\t\t\t\t<h2 class=\"elementor-heading-title elementor-size-default\">MISI\u00d3N<\/h2>\t\t\t\t<\/div>\n\t\t\t\t<\/div>\n\t\t\t\t<div class=\"elementor-element elementor-element-dd73d63 elementor-widget elementor-widget-text-editor\" data-id=\"dd73d63\" data-element_type=\"widget\" data-widget_type=\"text-editor.default\">\n\t\t\t\t<div class=\"elementor-widget-container\">\n\t\t\t\t\t\t\t\t\tQueremos asegurar en Montreal una presencia cultural fuerte y ser un ejemplo de \u00e9xito comercial familiar para la comunidad y las futuras generaciones.\t\t\t\t\t\t\t\t<\/div>\n\t\t\t\t<\/div>\n\t\t\t\t<div class=\"elementor-element elementor-element-c5a94d0 elementor-widget elementor-widget-text-editor\" data-id=\"c5a94d0\" data-element_type=\"widget\" data-widget_type=\"text-editor.default\">\n\t\t\t\t<div class=\"elementor-widget-container\">\n\t\t\t\t\t\t\t\t\tTambi\u00e9n aspiramos a dar a conocer nuestra cultura a todos los montrealenses \u00e1vidos de nuevos sabores, colores y aromas. \u00a1Estaremos encantados de guiarte en el descubrimiento de delicias sudamericanas!\t\t\t\t\t\t\t\t<\/div>\n\t\t\t\t<\/div>\n\t\t\t\t<div class=\"elementor-element elementor-element-9332b33 elementor-widget elementor-widget-heading\" data-id=\"9332b33\" data-element_type=\"widget\" data-widget_type=\"heading.default\">\n\t\t\t\t<div class=\"elementor-widget-container\">\n\t\t\t\t\t<h2 class=\"elementor-heading-title elementor-size-default\">VISI\u00d3N<\/h2>\t\t\t\t<\/div>\n\t\t\t\t<\/div>\n\t\t\t\t<div class=\"elementor-element elementor-element-6f56a11 elementor-widget elementor-widget-text-editor\" data-id=\"6f56a11\" data-element_type=\"widget\" data-widget_type=\"text-editor.default\">\n\t\t\t\t<div class=\"elementor-widget-container\">\n\t\t\t\t\t\t\t\t\tEl March\u00e9 Andes fue fundado para establecer un puente cultural entre Am\u00e9rica Latina y Canad\u00e1.\nEn el restaurante Andes, podr\u00e1s degustar platos t\u00edpicos tal como los preparaban nuestras abuelas. En la panader\u00eda, encontrar\u00e1s el sabor de los panes tradicionales. Y en la carnicer\u00eda, frente a nuestro mostrador de salchichas de diferentes pa\u00edses y carnes perfectamente cortadas, solo tendr\u00e1s un deseo: preparar deliciosos platillos.\t\t\t\t\t\t\t\t<\/div>\n\t\t\t\t<\/div>\n\t\t\t\t<div class=\"elementor-element elementor-element-52d53b6 elementor-widget elementor-widget-text-editor\" data-id=\"52d53b6\" data-element_type=\"widget\" data-widget_type=\"text-editor.default\">\n\t\t\t\t<div class=\"elementor-widget-container\">\n\t\t\t\t\t\t\t\t\tVen al March\u00e9 Andes para viajar a trav\u00e9s de nuestros pa\u00edses, nuestras culturas, nuestra lengua y nuestra pasi\u00f3n.\t\t\t\t\t\t\t\t<\/div>\n\t\t\t\t<\/div>\n\t\t\t\t<div class=\"elementor-element elementor-element-1982f30 elementor-widget elementor-widget-text-editor\" data-id=\"1982f30\" data-element_type=\"widget\" data-widget_type=\"text-editor.default\">\n\t\t\t\t<div class=\"elementor-widget-container\">\n\t\t\t\t\t\t\t\t\tSomos los constructores del barrio latinoamericano de Montreal y continuaremos promoviendo nuestra presencia cultural en Quebec y en Canad\u00e1.<br> <br> <br>\t\t\t\t\t\t\t\t<\/div>\n\t\t\t\t<\/div>\n\t\t\t\t\t<\/div>\n\t\t\t\t<\/div>\n\t\t\t\t\t<\/div>\n\t\t\t\t<\/div>\n\t\t\t\t<\/div>\n\t\t","protected":false},"excerpt":{"rendered":"<p>MARCH\u00c9 ANDES Un puente entre los sabores Todo comienza en 1971, cuando H\u00e9ctor Aguilar deja Colombia, impulsado por su pasi\u00f3n [&hellip;]<\/p>\n","protected":false},"author":1,"featured_media":0,"parent":0,"menu_order":0,"comment_status":"closed","ping_status":"closed","template":"","meta":{"_acf_changed":false,"site-sidebar-layout":"no-sidebar","site-content-layout":"","ast-site-content-layout":"full-width-container","site-content-style":"default","site-sidebar-style":"default","ast-global-header-display":"","ast-banner-title-visibility":"","ast-main-header-display":"","ast-hfb-above-header-display":"","ast-hfb-below-header-display":"","ast-hfb-mobile-header-display":"","site-post-title":"disabled","ast-breadcrumbs-content":"","ast-featured-img":"disabled","footer-sml-layout":"","theme-transparent-header-meta":"","adv-header-id-meta":"","stick-header-meta":"","header-above-stick-meta":"","header-main-stick-meta":"","header-below-stick-meta":"","astra-migrate-meta-layouts":"set","ast-page-background-enabled":"default","ast-page-background-meta":{"desktop":{"background-color":"var(--ast-global-color-4)","background-image":"","background-repeat":"repeat","background-position":"center center","background-size":"auto","background-attachment":"scroll","background-type":"","background-media":"","overlay-type":"","overlay-color":"","overlay-opacity":"","overlay-gradient":""},"tablet":{"background-color":"","background-image":"","background-repeat":"repeat","background-position":"center center","background-size":"auto","background-attachment":"scroll","background-type":"","background-media":"","overlay-type":"","overlay-color":"","overlay-opacity":"","overlay-gradient":""},"mobile":{"background-color":"","background-image":"","background-repeat":"repeat","background-position":"center center","background-size":"auto","background-attachment":"scroll","background-type":"","background-media":"","overlay-type":"","overlay-color":"","overlay-opacity":"","overlay-gradient":""}},"ast-content-background-meta":{"desktop":{"background-color":"var(--ast-global-color-5)","background-image":"","background-repeat":"repeat","background-position":"center center","background-size":"auto","background-attachment":"scroll","background-type":"","background-media":"","overlay-type":"","overlay-color":"","overlay-opacity":"","overlay-gradient":""},"tablet":{"background-color":"var(--ast-global-color-5)","background-image":"","background-repeat":"repeat","background-position":"center center","background-size":"auto","background-attachment":"scroll","background-type":"","background-media":"","overlay-type":"","overlay-color":"","overlay-opacity":"","overlay-gradient":""},"mobile":{"background-color":"var(--ast-global-color-5)","background-image":"","background-repeat":"repeat","background-position":"center center","background-size":"auto","background-attachment":"scroll","background-type":"","background-media":"","overlay-type":"","overlay-color":"","overlay-opacity":"","overlay-gradient":""}},"_joinchat":[],"footnotes":""},"class_list":["post-5465","page","type-page","status-publish","hentry"],"acf":[],"_links":{"self":[{"href":"https:\/\/www.marcheandes.com\/es\/wp-json\/wp\/v2\/pages\/5465","targetHints":{"allow":["GET"]}}],"collection":[{"href":"https:\/\/www.marcheandes.com\/es\/wp-json\/wp\/v2\/pages"}],"about":[{"href":"https:\/\/www.marcheandes.com\/es\/wp-json\/wp\/v2\/types\/page"}],"author":[{"embeddable":true,"href":"https:\/\/www.marcheandes.com\/es\/wp-json\/wp\/v2\/users\/1"}],"replies":[{"embeddable":true,"href":"https:\/\/www.marcheandes.com\/es\/wp-json\/wp\/v2\/comments?post=5465"}],"version-history":[{"count":9,"href":"https:\/\/www.marcheandes.com\/es\/wp-json\/wp\/v2\/pages\/5465\/revisions"}],"predecessor-version":[{"id":9429,"href":"https:\/\/www.marcheandes.com\/es\/wp-json\/wp\/v2\/pages\/5465\/revisions\/9429"}],"wp:attachment":[{"href":"https:\/\/www.marcheandes.com\/es\/wp-json\/wp\/v2\/media?parent=5465"}],"curies":[{"name":"wp","href":"https:\/\/api.w.org\/{rel}","templated":true}]}}