{"id":5548,"date":"2024-04-16T14:14:33","date_gmt":"2024-04-16T14:14:33","guid":{"rendered":"https:\/\/www.marcheandes.com\/boulangerie\/"},"modified":"2025-09-04T19:38:38","modified_gmt":"2025-09-04T19:38:38","slug":"panaderia","status":"publish","type":"page","link":"https:\/\/www.marcheandes.com\/es\/panaderia\/","title":{"rendered":"Panader\u00eda"},"content":{"rendered":"\t\t<div data-elementor-type=\"wp-page\" data-elementor-id=\"5548\" class=\"elementor elementor-5548 elementor-3295\" data-elementor-post-type=\"page\">\n\t\t\t\t<div class=\"elementor-element elementor-element-8bec78c e-flex e-con-boxed e-con e-parent\" data-id=\"8bec78c\" data-element_type=\"container\">\n\t\t\t\t\t<div class=\"e-con-inner\">\n\t\t\t\t<div class=\"elementor-element elementor-element-a476cc4 elementor-widget elementor-widget-heading\" data-id=\"a476cc4\" data-element_type=\"widget\" data-widget_type=\"heading.default\">\n\t\t\t\t<div class=\"elementor-widget-container\">\n\t\t\t\t\t<h2 class=\"elementor-heading-title elementor-size-default\">Panader\u00eda<\/h2>\t\t\t\t<\/div>\n\t\t\t\t<\/div>\n\t\t\t\t<div class=\"elementor-element elementor-element-f0172f1 elementor-widget elementor-widget-heading\" data-id=\"f0172f1\" data-element_type=\"widget\" data-widget_type=\"heading.default\">\n\t\t\t\t<div class=\"elementor-widget-container\">\n\t\t\t\t\t<h2 class=\"elementor-heading-title elementor-size-default\">Los sabores de Am\u00e9rica Latina<\/h2>\t\t\t\t<\/div>\n\t\t\t\t<\/div>\n\t\t\t\t<div class=\"elementor-element elementor-element-a517e69 elementor-widget__width-initial elementor-widget elementor-widget-text-editor\" data-id=\"a517e69\" data-element_type=\"widget\" data-widget_type=\"text-editor.default\">\n\t\t\t\t<div class=\"elementor-widget-container\">\n\t\t\t\t\t\t\t\t\t<p>Nuestra pasteler\u00eda te presentar\u00e1 aut\u00e9nticas delicias latinoamericanas. Ya sean dulces o saladas, \u00a1no podr\u00e1s resistirte! <\/p>\t\t\t\t\t\t\t\t<\/div>\n\t\t\t\t<\/div>\n\t\t\t\t\t<\/div>\n\t\t\t\t<\/div>\n\t\t<div class=\"elementor-element elementor-element-0207ba3 e-flex e-con-boxed e-con e-parent\" data-id=\"0207ba3\" data-element_type=\"container\">\n\t\t\t\t\t<div class=\"e-con-inner\">\n\t\t<div class=\"elementor-element elementor-element-696ee91 e-flex e-con-boxed e-con e-child\" data-id=\"696ee91\" data-element_type=\"container\">\n\t\t\t\t\t<div class=\"e-con-inner\">\n\t\t\t\t<div class=\"elementor-element elementor-element-b4aa779 elementor-position-left elementor-vertical-align-middle elementor-widget__width-initial elementor-widget elementor-widget-image-box\" data-id=\"b4aa779\" data-element_type=\"widget\" data-widget_type=\"image-box.default\">\n\t\t\t\t<div class=\"elementor-widget-container\">\n\t\t\t\t\t<div class=\"elementor-image-box-wrapper\"><figure class=\"elementor-image-box-img\"><img fetchpriority=\"high\" decoding=\"async\" width=\"287\" height=\"287\" src=\"https:\/\/www.marcheandes.com\/wp-content\/uploads\/2024\/04\/bunuelos-colombianos.svg\" class=\"attachment-full size-full wp-image-3310\" alt=\"bunuelos-colombianos\" \/><\/figure><div class=\"elementor-image-box-content\"><h3 class=\"elementor-image-box-title\">Bu\u00f1uelos<\/h3><p class=\"elementor-image-box-description\">Un cl\u00e1sico colombiano, este bu\u00f1uelo frito est\u00e1 hecho con queso y harina de tapioca. 100% sin gluten. <\/p><\/div><\/div>\t\t\t\t<\/div>\n\t\t\t\t<\/div>\n\t\t\t\t<div class=\"elementor-element elementor-element-bfa9133 elementor-position-left elementor-vertical-align-middle elementor-widget__width-initial elementor-widget elementor-widget-image-box\" data-id=\"bfa9133\" data-element_type=\"widget\" data-widget_type=\"image-box.default\">\n\t\t\t\t<div class=\"elementor-widget-container\">\n\t\t\t\t\t<div class=\"elementor-image-box-wrapper\"><figure class=\"elementor-image-box-img\"><img decoding=\"async\" width=\"309\" height=\"261\" src=\"https:\/\/www.marcheandes.com\/wp-content\/uploads\/2024\/04\/pan-de-queso-1.svg\" class=\"attachment-full size-full wp-image-3309\" alt=\"pan de queso 1\" \/><\/figure><div class=\"elementor-image-box-content\"><h3 class=\"elementor-image-box-title\">Pan de queso<\/h3><p class=\"elementor-image-box-description\">Popular en toda Am\u00e9rica Latina, este panecillo blando y con queso es delicioso reci\u00e9n salido del horno.<\/p><\/div><\/div>\t\t\t\t<\/div>\n\t\t\t\t<\/div>\n\t\t\t\t\t<\/div>\n\t\t\t\t<\/div>\n\t\t<div class=\"elementor-element elementor-element-7d365be e-flex e-con-boxed e-con e-child\" data-id=\"7d365be\" data-element_type=\"container\">\n\t\t\t\t\t<div class=\"e-con-inner\">\n\t\t\t\t<div class=\"elementor-element elementor-element-c611969 elementor-position-left elementor-vertical-align-middle elementor-widget__width-initial elementor-widget elementor-widget-image-box\" data-id=\"c611969\" data-element_type=\"widget\" data-widget_type=\"image-box.default\">\n\t\t\t\t<div class=\"elementor-widget-container\">\n\t\t\t\t\t<div class=\"elementor-image-box-wrapper\"><figure class=\"elementor-image-box-img\"><img decoding=\"async\" width=\"357\" height=\"302\" src=\"https:\/\/www.marcheandes.com\/wp-content\/uploads\/2024\/04\/Pan-de-yuca-1.svg\" class=\"attachment-full size-full wp-image-3308\" alt=\"Pan de yuca 1\" \/><\/figure><div class=\"elementor-image-box-content\"><h3 class=\"elementor-image-box-title\">Pan de yuca<\/h3><p class=\"elementor-image-box-description\">Pan horneado hecho con harina de mandioca y queso.<\/p><\/div><\/div>\t\t\t\t<\/div>\n\t\t\t\t<\/div>\n\t\t\t\t<div class=\"elementor-element elementor-element-42361e4 elementor-position-left elementor-vertical-align-middle elementor-widget__width-initial elementor-widget elementor-widget-image-box\" data-id=\"42361e4\" data-element_type=\"widget\" data-widget_type=\"image-box.default\">\n\t\t\t\t<div class=\"elementor-widget-container\">\n\t\t\t\t\t<div class=\"elementor-image-box-wrapper\"><figure class=\"elementor-image-box-img\"><img loading=\"lazy\" decoding=\"async\" width=\"287\" height=\"278\" src=\"https:\/\/www.marcheandes.com\/wp-content\/uploads\/2024\/05\/roscon-reyes-img-1.webp\" class=\"attachment-full size-full wp-image-3689\" alt=\"roscon reyes img-1\" \/><\/figure><div class=\"elementor-image-box-content\"><h3 class=\"elementor-image-box-title\">Rosca de reyes<\/h3><p class=\"elementor-image-box-description\">Es un brioche en forma de corona relleno de fruta confitada, que esconde en su interior una figurita que identifica a la persona que har\u00e1 los tamales el 2 de febrero, seg\u00fan la tradici\u00f3n mexicana.<\/p><\/div><\/div>\t\t\t\t<\/div>\n\t\t\t\t<\/div>\n\t\t\t\t\t<\/div>\n\t\t\t\t<\/div>\n\t\t<div class=\"elementor-element elementor-element-45b7564 e-flex e-con-boxed e-con e-child\" data-id=\"45b7564\" data-element_type=\"container\">\n\t\t\t\t\t<div class=\"e-con-inner\">\n\t\t\t\t<div class=\"elementor-element elementor-element-5fd7ed6 elementor-position-left elementor-vertical-align-middle elementor-widget__width-initial elementor-widget elementor-widget-image-box\" data-id=\"5fd7ed6\" data-element_type=\"widget\" data-widget_type=\"image-box.default\">\n\t\t\t\t<div class=\"elementor-widget-container\">\n\t\t\t\t\t<div class=\"elementor-image-box-wrapper\"><figure class=\"elementor-image-box-img\"><img loading=\"lazy\" decoding=\"async\" width=\"317\" height=\"290\" src=\"https:\/\/www.marcheandes.com\/wp-content\/uploads\/2024\/04\/Quesadilla-1.svg\" class=\"attachment-full size-full wp-image-3306\" alt=\"Quesadilla 1\" \/><\/figure><div class=\"elementor-image-box-content\"><h3 class=\"elementor-image-box-title\">Quesadilla guatemalteca<\/h3><p class=\"elementor-image-box-description\">Un pastel hecho con harina de arroz y queso, para disfrutar con una taza de caf\u00e9.<\/p><\/div><\/div>\t\t\t\t<\/div>\n\t\t\t\t<\/div>\n\t\t\t\t<div class=\"elementor-element elementor-element-969a7ed elementor-position-left elementor-vertical-align-middle elementor-widget__width-initial elementor-widget elementor-widget-image-box\" data-id=\"969a7ed\" data-element_type=\"widget\" data-widget_type=\"image-box.default\">\n\t\t\t\t<div class=\"elementor-widget-container\">\n\t\t\t\t\t<div class=\"elementor-image-box-wrapper\"><figure class=\"elementor-image-box-img\"><img loading=\"lazy\" decoding=\"async\" width=\"290\" height=\"290\" src=\"https:\/\/www.marcheandes.com\/wp-content\/uploads\/2024\/04\/champurradas-1.svg\" class=\"attachment-full size-full wp-image-3313\" alt=\"champurradas\" \/><\/figure><div class=\"elementor-image-box-content\"><h3 class=\"elementor-image-box-title\">Champurradas<\/h3><p class=\"elementor-image-box-description\">Las champurradas son unas galletas guatemaltecas grandes y crujientes hechas de harina, az\u00facar y semillas de s\u00e9samo.<\/p><\/div><\/div>\t\t\t\t<\/div>\n\t\t\t\t<\/div>\n\t\t\t\t\t<\/div>\n\t\t\t\t<\/div>\n\t\t<div class=\"elementor-element elementor-element-98afd71 e-flex e-con-boxed e-con e-child\" data-id=\"98afd71\" data-element_type=\"container\">\n\t\t\t\t\t<div class=\"e-con-inner\">\n\t\t\t\t<div class=\"elementor-element elementor-element-cad05e7 elementor-position-left elementor-vertical-align-middle elementor-widget__width-initial elementor-widget elementor-widget-image-box\" data-id=\"cad05e7\" data-element_type=\"widget\" data-widget_type=\"image-box.default\">\n\t\t\t\t<div class=\"elementor-widget-container\">\n\t\t\t\t\t<div class=\"elementor-image-box-wrapper\"><figure class=\"elementor-image-box-img\"><img loading=\"lazy\" decoding=\"async\" width=\"291\" height=\"273\" src=\"https:\/\/www.marcheandes.com\/wp-content\/uploads\/2024\/04\/conchas-de-pan-1.svg\" class=\"attachment-full size-full wp-image-3304\" alt=\"Conchas de pan\" \/><\/figure><div class=\"elementor-image-box-content\"><h3 class=\"elementor-image-box-title\">Concha Mexicana<\/h3><p class=\"elementor-image-box-description\">La concha es un suave brioche mexicano cubierto con un crujiente pan de molde en forma de concha. \u00a1Es el pan dulce m\u00e1s popular de M\u00e9xico! <\/p><\/div><\/div>\t\t\t\t<\/div>\n\t\t\t\t<\/div>\n\t\t\t\t<div class=\"elementor-element elementor-element-289ea66 elementor-position-left elementor-vertical-align-middle elementor-widget__width-initial elementor-widget elementor-widget-image-box\" data-id=\"289ea66\" data-element_type=\"widget\" data-widget_type=\"image-box.default\">\n\t\t\t\t<div class=\"elementor-widget-container\">\n\t\t\t\t\t<div class=\"elementor-image-box-wrapper\"><figure class=\"elementor-image-box-img\"><img loading=\"lazy\" decoding=\"async\" width=\"280\" height=\"280\" src=\"https:\/\/www.marcheandes.com\/wp-content\/uploads\/2024\/05\/telera-img-prod-1.webp\" class=\"attachment-full size-full wp-image-3691\" alt=\"telera img prod-1\" srcset=\"https:\/\/www.marcheandes.com\/wp-content\/uploads\/2024\/05\/telera-img-prod-1.webp 280w, https:\/\/www.marcheandes.com\/wp-content\/uploads\/2024\/05\/telera-img-prod-1-150x150.webp 150w, https:\/\/www.marcheandes.com\/wp-content\/uploads\/2024\/05\/telera-img-prod-1-100x100.webp 100w\" sizes=\"(max-width: 280px) 100vw, 280px\" \/><\/figure><div class=\"elementor-image-box-content\"><h3 class=\"elementor-image-box-title\">Telera de M\u00e9xico<\/h3><p class=\"elementor-image-box-description\">La telera es un pan mexicano redondo, blando y ligeramente dulce, que se suele utilizar para hacer tortas (bocadillos t\u00edpicos). <\/p><\/div><\/div>\t\t\t\t<\/div>\n\t\t\t\t<\/div>\n\t\t\t\t\t<\/div>\n\t\t\t\t<\/div>\n\t\t<div class=\"elementor-element elementor-element-84a8aed e-flex e-con-boxed e-con e-child\" data-id=\"84a8aed\" data-element_type=\"container\">\n\t\t\t\t\t<div class=\"e-con-inner\">\n\t\t\t\t<div class=\"elementor-element elementor-element-41d4205 elementor-position-left elementor-vertical-align-middle elementor-widget__width-initial elementor-widget elementor-widget-image-box\" data-id=\"41d4205\" data-element_type=\"widget\" data-widget_type=\"image-box.default\">\n\t\t\t\t<div class=\"elementor-widget-container\">\n\t\t\t\t\t<div class=\"elementor-image-box-wrapper\"><figure class=\"elementor-image-box-img\"><img loading=\"lazy\" decoding=\"async\" width=\"298\" height=\"293\" src=\"https:\/\/www.marcheandes.com\/wp-content\/uploads\/2024\/04\/alfajores-1.svg\" class=\"attachment-full size-full wp-image-3312\" alt=\"alfajores\" \/><\/figure><div class=\"elementor-image-box-content\"><h3 class=\"elementor-image-box-title\">Alfajores<\/h3><p class=\"elementor-image-box-description\">Los alfajores son galletas de mantequilla rellenas de dulce de leche, a menudo recubiertas de chocolate o az\u00facar glas.<\/p><\/div><\/div>\t\t\t\t<\/div>\n\t\t\t\t<\/div>\n\t\t\t\t<div class=\"elementor-element elementor-element-52b43bd elementor-position-left elementor-vertical-align-middle elementor-widget__width-initial elementor-widget elementor-widget-image-box\" data-id=\"52b43bd\" data-element_type=\"widget\" data-widget_type=\"image-box.default\">\n\t\t\t\t<div class=\"elementor-widget-container\">\n\t\t\t\t\t<div class=\"elementor-image-box-wrapper\"><figure class=\"elementor-image-box-img\"><img loading=\"lazy\" decoding=\"async\" width=\"290\" height=\"282\" src=\"https:\/\/www.marcheandes.com\/wp-content\/uploads\/2024\/05\/Churros-produc-1.webp\" class=\"attachment-full size-full wp-image-3692\" alt=\"\" \/><\/figure><div class=\"elementor-image-box-content\"><h3 class=\"elementor-image-box-title\">Churros<\/h3><p class=\"elementor-image-box-description\">Los churros son palitos fritos crujientes rellenos de dulce de leche, chocolate o sin relleno y espolvoreados con az\u00facar.<\/p><\/div><\/div>\t\t\t\t<\/div>\n\t\t\t\t<\/div>\n\t\t\t\t\t<\/div>\n\t\t\t\t<\/div>\n\t\t<div class=\"elementor-element elementor-element-1d1716b e-flex e-con-boxed e-con e-child\" data-id=\"1d1716b\" data-element_type=\"container\">\n\t\t\t\t\t<div class=\"e-con-inner\">\n\t\t\t\t<div class=\"elementor-element elementor-element-b5a6235 elementor-position-left elementor-vertical-align-middle elementor-widget__width-initial elementor-widget elementor-widget-image-box\" data-id=\"b5a6235\" data-element_type=\"widget\" data-widget_type=\"image-box.default\">\n\t\t\t\t<div class=\"elementor-widget-container\">\n\t\t\t\t\t<div class=\"elementor-image-box-wrapper\"><figure class=\"elementor-image-box-img\"><img loading=\"lazy\" decoding=\"async\" width=\"298\" height=\"293\" src=\"https:\/\/www.marcheandes.com\/wp-content\/uploads\/2024\/05\/pan-de-muerto-img-product.webp\" class=\"attachment-full size-full wp-image-3693\" alt=\"\" \/><\/figure><div class=\"elementor-image-box-content\"><h3 class=\"elementor-image-box-title\">Pan de Muerto<\/h3><p class=\"elementor-image-box-description\">Un brioche mexicano que se come durante las celebraciones del D\u00eda de los Muertos, aromatizado con naranja y espolvoreado con az\u00facar. <\/p><\/div><\/div>\t\t\t\t<\/div>\n\t\t\t\t<\/div>\n\t\t\t\t<div class=\"elementor-element elementor-element-d0e6003 elementor-position-left elementor-vertical-align-middle elementor-widget__width-initial elementor-widget elementor-widget-image-box\" data-id=\"d0e6003\" data-element_type=\"widget\" data-widget_type=\"image-box.default\">\n\t\t\t\t<div class=\"elementor-widget-container\">\n\t\t\t\t\t<div class=\"elementor-image-box-wrapper\"><figure class=\"elementor-image-box-img\"><img loading=\"lazy\" decoding=\"async\" width=\"298\" height=\"293\" src=\"https:\/\/www.marcheandes.com\/wp-content\/uploads\/2024\/05\/tres-leches-img-product.webp\" class=\"attachment-full size-full wp-image-3694\" alt=\"\" \/><\/figure><div class=\"elementor-image-box-content\"><h3 class=\"elementor-image-box-title\">Tres leches<\/h3><p class=\"elementor-image-box-description\">El tres leches es un bizcocho blando empapado en tres tipos de leche: evaporada, condensada y de nata, que ofrece una textura ultra fundente y un sabor rico y dulce.<\/p><\/div><\/div>\t\t\t\t<\/div>\n\t\t\t\t<\/div>\n\t\t\t\t\t<\/div>\n\t\t\t\t<\/div>\n\t\t<div class=\"elementor-element elementor-element-d5c91c5 e-flex e-con-boxed e-con e-child\" data-id=\"d5c91c5\" data-element_type=\"container\">\n\t\t\t\t\t<div class=\"e-con-inner\">\n\t\t\t\t<div class=\"elementor-element elementor-element-a7c4794 elementor-position-left elementor-vertical-align-middle elementor-widget__width-initial elementor-widget elementor-widget-image-box\" data-id=\"a7c4794\" data-element_type=\"widget\" data-widget_type=\"image-box.default\">\n\t\t\t\t<div class=\"elementor-widget-container\">\n\t\t\t\t\t<div class=\"elementor-image-box-wrapper\"><figure class=\"elementor-image-box-img\"><img loading=\"lazy\" decoding=\"async\" width=\"298\" height=\"293\" src=\"https:\/\/www.marcheandes.com\/wp-content\/uploads\/2024\/05\/flan-caramel-img-prodc.webp\" class=\"attachment-full size-full wp-image-3695\" alt=\"\" \/><\/figure><div class=\"elementor-image-box-content\"><h3 class=\"elementor-image-box-title\">Flan de caramelo<\/h3><p class=\"elementor-image-box-description\">El flan de caramelo es un postre cremoso hecho con huevos y leche, cubierto de caramelo fundente. \u00a1Imprescindible!  <\/p><\/div><\/div>\t\t\t\t<\/div>\n\t\t\t\t<\/div>\n\t\t\t\t<div class=\"elementor-element elementor-element-f349937 elementor-position-left elementor-vertical-align-middle elementor-widget__width-initial elementor-widget elementor-widget-image-box\" data-id=\"f349937\" data-element_type=\"widget\" data-widget_type=\"image-box.default\">\n\t\t\t\t<div class=\"elementor-widget-container\">\n\t\t\t\t\t<div class=\"elementor-image-box-wrapper\"><figure class=\"elementor-image-box-img\"><img loading=\"lazy\" decoding=\"async\" width=\"298\" height=\"293\" src=\"https:\/\/www.marcheandes.com\/wp-content\/uploads\/2024\/05\/bisquet-mexican-img-prod.webp\" class=\"attachment-full size-full wp-image-3696\" alt=\"bisquet mexican img prod\" \/><\/figure><div class=\"elementor-image-box-content\"><h3 class=\"elementor-image-box-title\">Bisquet Mexicano<\/h3><p class=\"elementor-image-box-description\">Panecillo blando y ligeramente dulce, que suele servirse en el desayuno con mantequilla y mermelada o con caf\u00e9.<\/p><\/div><\/div>\t\t\t\t<\/div>\n\t\t\t\t<\/div>\n\t\t\t\t\t<\/div>\n\t\t\t\t<\/div>\n\t\t<div class=\"elementor-element elementor-element-b844686 e-flex e-con-boxed e-con e-child\" data-id=\"b844686\" data-element_type=\"container\">\n\t\t\t\t\t<div class=\"e-con-inner\">\n\t\t\t\t<div class=\"elementor-element elementor-element-0745ae4 elementor-widget elementor-widget-heading\" data-id=\"0745ae4\" data-element_type=\"widget\" data-widget_type=\"heading.default\">\n\t\t\t\t<div class=\"elementor-widget-container\">\n\t\t\t\t\t<h2 class=\"elementor-heading-title elementor-size-default\">Y mucho m\u00e1s...<\/h2>\t\t\t\t<\/div>\n\t\t\t\t<\/div>\n\t\t\t\t\t<\/div>\n\t\t\t\t<\/div>\n\t\t\t\t\t<\/div>\n\t\t\t\t<\/div>\n\t\t\t\t<\/div>\n\t\t","protected":false},"excerpt":{"rendered":"<p>Panader\u00eda Los sabores de Am\u00e9rica Latina Nuestra pasteler\u00eda te presentar\u00e1 aut\u00e9nticas delicias latinoamericanas. Ya sean dulces o saladas, \u00a1no podr\u00e1s [&hellip;]<\/p>\n","protected":false},"author":1,"featured_media":0,"parent":0,"menu_order":0,"comment_status":"closed","ping_status":"closed","template":"","meta":{"_acf_changed":false,"site-sidebar-layout":"no-sidebar","site-content-layout":"","ast-site-content-layout":"full-width-container","site-content-style":"default","site-sidebar-style":"default","ast-global-header-display":"","ast-banner-title-visibility":"","ast-main-header-display":"","ast-hfb-above-header-display":"","ast-hfb-below-header-display":"","ast-hfb-mobile-header-display":"","site-post-title":"disabled","ast-breadcrumbs-content":"","ast-featured-img":"disabled","footer-sml-layout":"","theme-transparent-header-meta":"","adv-header-id-meta":"","stick-header-meta":"","header-above-stick-meta":"","header-main-stick-meta":"","header-below-stick-meta":"","astra-migrate-meta-layouts":"set","ast-page-background-enabled":"default","ast-page-background-meta":{"desktop":{"background-color":"var(--ast-global-color-4)","background-image":"","background-repeat":"repeat","background-position":"center center","background-size":"auto","background-attachment":"scroll","background-type":"","background-media":"","overlay-type":"","overlay-color":"","overlay-opacity":"","overlay-gradient":""},"tablet":{"background-color":"","background-image":"","background-repeat":"repeat","background-position":"center center","background-size":"auto","background-attachment":"scroll","background-type":"","background-media":"","overlay-type":"","overlay-color":"","overlay-opacity":"","overlay-gradient":""},"mobile":{"background-color":"","background-image":"","background-repeat":"repeat","background-position":"center center","background-size":"auto","background-attachment":"scroll","background-type":"","background-media":"","overlay-type":"","overlay-color":"","overlay-opacity":"","overlay-gradient":""}},"ast-content-background-meta":{"desktop":{"background-color":"var(--ast-global-color-5)","background-image":"","background-repeat":"repeat","background-position":"center center","background-size":"auto","background-attachment":"scroll","background-type":"","background-media":"","overlay-type":"","overlay-color":"","overlay-opacity":"","overlay-gradient":""},"tablet":{"background-color":"var(--ast-global-color-5)","background-image":"","background-repeat":"repeat","background-position":"center center","background-size":"auto","background-attachment":"scroll","background-type":"","background-media":"","overlay-type":"","overlay-color":"","overlay-opacity":"","overlay-gradient":""},"mobile":{"background-color":"var(--ast-global-color-5)","background-image":"","background-repeat":"repeat","background-position":"center center","background-size":"auto","background-attachment":"scroll","background-type":"","background-media":"","overlay-type":"","overlay-color":"","overlay-opacity":"","overlay-gradient":""}},"_joinchat":[],"footnotes":""},"class_list":["post-5548","page","type-page","status-publish","hentry"],"acf":[],"_links":{"self":[{"href":"https:\/\/www.marcheandes.com\/es\/wp-json\/wp\/v2\/pages\/5548","targetHints":{"allow":["GET"]}}],"collection":[{"href":"https:\/\/www.marcheandes.com\/es\/wp-json\/wp\/v2\/pages"}],"about":[{"href":"https:\/\/www.marcheandes.com\/es\/wp-json\/wp\/v2\/types\/page"}],"author":[{"embeddable":true,"href":"https:\/\/www.marcheandes.com\/es\/wp-json\/wp\/v2\/users\/1"}],"replies":[{"embeddable":true,"href":"https:\/\/www.marcheandes.com\/es\/wp-json\/wp\/v2\/comments?post=5548"}],"version-history":[{"count":11,"href":"https:\/\/www.marcheandes.com\/es\/wp-json\/wp\/v2\/pages\/5548\/revisions"}],"predecessor-version":[{"id":9326,"href":"https:\/\/www.marcheandes.com\/es\/wp-json\/wp\/v2\/pages\/5548\/revisions\/9326"}],"wp:attachment":[{"href":"https:\/\/www.marcheandes.com\/es\/wp-json\/wp\/v2\/media?parent=5548"}],"curies":[{"name":"wp","href":"https:\/\/api.w.org\/{rel}","templated":true}]}}